{"id":38,"date":"2008-09-04T08:26:54","date_gmt":"2008-09-04T06:26:54","guid":{"rendered":"http:\/\/blog.abar.de\/?page_id=38"},"modified":"2008-09-04T08:26:54","modified_gmt":"2008-09-04T06:26:54","slug":"uber-diese-seiten","status":"publish","type":"page","link":"https:\/\/blog.abar.de\/?page_id=38","title":{"rendered":"\u00fcber diese Seiten"},"content":{"rendered":"<div id=\"attachment_40\" style=\"width: 310px\" class=\"wp-caption aligncenter\"><a href=\"http:\/\/blog.abar.de\/wp-content\/uploads\/2008\/09\/dscf0205.jpg\"><img loading=\"lazy\" decoding=\"async\" aria-describedby=\"caption-attachment-40\" class=\"size-medium wp-image-40\" title=\"dscf0205\" src=\"http:\/\/blog.abar.de\/wp-content\/uploads\/2008\/09\/dscf0205-300x239.jpg\" alt=\"manchmal in der Luft\" width=\"300\" height=\"239\" srcset=\"https:\/\/blog.abar.de\/wp-content\/uploads\/2008\/09\/dscf0205-300x239.jpg 300w, https:\/\/blog.abar.de\/wp-content\/uploads\/2008\/09\/dscf0205.jpg 800w\" sizes=\"auto, (max-width: 300px) 100vw, 300px\" \/><\/a><p id=\"caption-attachment-40\" class=\"wp-caption-text\">In der Luft<\/p><\/div>\n<p>Noch ein Blog &#8211; das dachte ich auch! Es gibt unterschiedlichste Motive f\u00fcr diese Form des Tagebuches. Bei mir sind es Mehrere. Da ist die Neugier auf die Erfahrungen im Umgang mit einer f\u00fcr das &#8222;Web 2.0&#8220; typischen Technologie. Dann ist der Reiz, eine Art Selbstversuch zu starten und \u00fcber verschiedenste Themen zu berichten und die Reaktionen der geneigten Leserschaft zu erleben&#8230;<\/p>\n","protected":false},"excerpt":{"rendered":"<p>Noch ein Blog &#8211; das dachte ich auch! Es gibt unterschiedlichste Motive f\u00fcr diese Form des Tagebuches. Bei mir sind es Mehrere. Da ist die Neugier auf die Erfahrungen im Umgang mit einer f\u00fcr das &#8222;Web 2.0&#8220; typischen Technologie. Dann ist der Reiz, eine Art Selbstversuch zu starten und \u00fcber verschiedenste Themen zu berichten und [&hellip;]<\/p>\n","protected":false},"author":2,"featured_media":0,"parent":0,"menu_order":0,"comment_status":"open","ping_status":"open","template":"","meta":{"ngg_post_thumbnail":0,"footnotes":""},"class_list":["post-38","page","type-page","status-publish","hentry"],"_links":{"self":[{"href":"https:\/\/blog.abar.de\/index.php?rest_route=\/wp\/v2\/pages\/38","targetHints":{"allow":["GET"]}}],"collection":[{"href":"https:\/\/blog.abar.de\/index.php?rest_route=\/wp\/v2\/pages"}],"about":[{"href":"https:\/\/blog.abar.de\/index.php?rest_route=\/wp\/v2\/types\/page"}],"author":[{"embeddable":true,"href":"https:\/\/blog.abar.de\/index.php?rest_route=\/wp\/v2\/users\/2"}],"replies":[{"embeddable":true,"href":"https:\/\/blog.abar.de\/index.php?rest_route=%2Fwp%2Fv2%2Fcomments&post=38"}],"version-history":[{"count":3,"href":"https:\/\/blog.abar.de\/index.php?rest_route=\/wp\/v2\/pages\/38\/revisions"}],"predecessor-version":[{"id":43,"href":"https:\/\/blog.abar.de\/index.php?rest_route=\/wp\/v2\/pages\/38\/revisions\/43"}],"wp:attachment":[{"href":"https:\/\/blog.abar.de\/index.php?rest_route=%2Fwp%2Fv2%2Fmedia&parent=38"}],"curies":[{"name":"wp","href":"https:\/\/api.w.org\/{rel}","templated":true}]}}