{"id":5,"date":"2008-08-28T20:35:13","date_gmt":"2008-08-28T18:35:13","guid":{"rendered":"http:\/\/localhost\/abar.blog\/?page_id=2"},"modified":"2018-05-17T15:50:34","modified_gmt":"2018-05-17T13:50:34","slug":"impressum-2","status":"publish","type":"page","link":"https:\/\/blog.abar.de\/?page_id=5","title":{"rendered":"Impressum"},"content":{"rendered":"<p>Verantwortlich f\u00fcr den Inhalt:<br \/>\n<em>Dipl.-Ing. (FH) Albrecht Barthel<br \/>\nZillebogen 2<br \/>\n15806 Zossen<\/em><\/p>\n<p><em>Tel.: +49 3377 203808<br \/>\nMail:<\/em><\/p>\n<p><a href=\"http:\/\/blog.abar.de\/wp-content\/uploads\/2008\/09\/mailgrafikk_rthel.png\"><img loading=\"lazy\" decoding=\"async\" class=\"size-medium wp-image-93 alignnone\" title=\"albrecht.b[at]rthel.net\" src=\"http:\/\/blog.abar.de\/wp-content\/uploads\/2008\/09\/mailgrafikk_rthel.png\" alt=\"albrecht.b[at]rthel.net\" width=\"128\" height=\"14\"><\/a><\/p>\n<p>Haftungsausschluss:<br \/>\n1. Diese Website wurde mit gr\u00f6\u00dftm\u00f6glicher Sorgfalt zusammengestellt. Trotzdem kann nicht f\u00fcr die Fehlerfreiheit und Genauigkeit der enthaltenen Informationen garantiert werden. Es wird jegliche Haftung f\u00fcr Sch\u00e4den, die direkt oder indirekt aus der Benutzung entstehen, ausgeschlossen.<\/p>\n<p>2. Trotz sorgf\u00e4ltiger inhaltlicher Kontrolle \u00fcbernehme ich keine Haftung f\u00fcr die Inhalte externer Links. F\u00fcr den Inhalt der verlinkten Seiten sind ausschlie\u00dflich deren Betreiber verantwortlich.<\/p>\n","protected":false},"excerpt":{"rendered":"<p>Verantwortlich f\u00fcr den Inhalt: Dipl.-Ing. (FH) Albrecht Barthel Zillebogen 2 15806 Zossen Tel.: +49 3377 203808 Mail: Haftungsausschluss: 1. Diese Website wurde mit gr\u00f6\u00dftm\u00f6glicher Sorgfalt zusammengestellt. Trotzdem kann nicht f\u00fcr die Fehlerfreiheit und Genauigkeit der enthaltenen Informationen garantiert werden. Es wird jegliche Haftung f\u00fcr Sch\u00e4den, die direkt oder indirekt aus der Benutzung entstehen, ausgeschlossen. 2. [&hellip;]<\/p>\n","protected":false},"author":1,"featured_media":0,"parent":0,"menu_order":0,"comment_status":"open","ping_status":"open","template":"","meta":{"ngg_post_thumbnail":0,"footnotes":""},"class_list":["post-5","page","type-page","status-publish","hentry"],"_links":{"self":[{"href":"https:\/\/blog.abar.de\/index.php?rest_route=\/wp\/v2\/pages\/5","targetHints":{"allow":["GET"]}}],"collection":[{"href":"https:\/\/blog.abar.de\/index.php?rest_route=\/wp\/v2\/pages"}],"about":[{"href":"https:\/\/blog.abar.de\/index.php?rest_route=\/wp\/v2\/types\/page"}],"author":[{"embeddable":true,"href":"https:\/\/blog.abar.de\/index.php?rest_route=\/wp\/v2\/users\/1"}],"replies":[{"embeddable":true,"href":"https:\/\/blog.abar.de\/index.php?rest_route=%2Fwp%2Fv2%2Fcomments&post=5"}],"version-history":[{"count":10,"href":"https:\/\/blog.abar.de\/index.php?rest_route=\/wp\/v2\/pages\/5\/revisions"}],"predecessor-version":[{"id":1347,"href":"https:\/\/blog.abar.de\/index.php?rest_route=\/wp\/v2\/pages\/5\/revisions\/1347"}],"wp:attachment":[{"href":"https:\/\/blog.abar.de\/index.php?rest_route=%2Fwp%2Fv2%2Fmedia&parent=5"}],"curies":[{"name":"wp","href":"https:\/\/api.w.org\/{rel}","templated":true}]}}